{"id":1031,"date":"2023-08-30T21:28:53","date_gmt":"2023-08-31T03:28:53","guid":{"rendered":"https:\/\/409asesores.com\/?page_id=1031"},"modified":"2023-09-12T16:53:37","modified_gmt":"2023-09-12T22:53:37","slug":"nosotros","status":"publish","type":"page","link":"https:\/\/409asesores.com\/index.php\/nosotros\/","title":{"rendered":"Nosotros"},"content":{"rendered":"\n<div class=\"wp-block-uagb-container uagb-block-c519c12d alignfull uagb-is-root-container\"><div class=\"uagb-container-inner-blocks-wrap\">\n<div class=\"wp-block-uagb-advanced-heading uagb-block-da94fd2c\"><h1 class=\"uagb-heading-text\"><strong>Nosotro<\/strong>s<\/h1><\/div>\n\n\n\n<p class=\"has-text-align-center has-ast-global-color-4-color has-text-color\"><strong>\u00bfQuieres ser agente ? o ya eres agente pero \u00bfquieres asociarte con nosotros?<\/strong><\/p>\n\n\n\n<div class=\"wp-block-uagb-buttons uagb-buttons__outer-wrap uagb-btn__default-btn uagb-btn-tablet__default-btn uagb-btn-mobile__default-btn uagb-block-7cfc9db4\"><div class=\"uagb-buttons__wrap uagb-buttons-layout-wrap\">\n<div class=\"wp-block-uagb-buttons-child uagb-buttons__outer-wrap uagb-block-10389017 wp-block-button\"><div class=\"uagb-button__wrapper\"><a class=\"uagb-buttons-repeater wp-block-button__link\" href=\"https:\/\/409asesores.com\/index.php\/contact\/\" onclick=\"return true;\" rel=\"follow noopener\" target=\"_self\"><div class=\"uagb-button__link\">Cont\u00e1ctanos<\/div><\/a><\/div><\/div>\n<\/div><\/div>\n<\/div><\/div>\n\n\n\n<div class=\"wp-block-uagb-container uagb-block-c1107f9e alignfull uagb-is-root-container\"><div class=\"uagb-container-inner-blocks-wrap\">\n<div class=\"wp-block-uagb-container uagb-block-c93b1cdb\">\n<div class=\"wp-block-uagb-image uagb-block-c87c2e84 wp-block-uagb-image--layout-default wp-block-uagb-image--effect-static wp-block-uagb-image--align-none\"><figure class=\"wp-block-uagb-image__figure\"><img decoding=\"async\" srcset=\"https:\/\/409asesores.com\/wp-content\/uploads\/2023\/08\/businesspeople-standing-outside-office-building-1024x683.jpg \" sizes=\"(max-width: 480px) 150px\" src=\"https:\/\/409asesores.com\/wp-content\/uploads\/2023\/08\/businesspeople-standing-outside-office-building-1024x683.jpg\" alt=\"\" class=\"uag-image-1057\" width=\"1024\" height=\"426\" title=\"\" loading=\"lazy\"\/><\/figure><\/div>\n<\/div>\n\n\n\n<div class=\"wp-block-uagb-container uagb-block-ce29a357\">\n<div class=\"wp-block-uagb-info-box uagb-block-fc0d3afc uagb-infobox__content-wrap  uagb-infobox-icon-above-title uagb-infobox-image-valign-top\"><div class=\"uagb-ifb-content\"><div class=\"uagb-ifb-title-wrap\"><h2 class=\"uagb-ifb-title\"><strong>Quienes somos<\/strong><\/h2><\/div><p class=\"uagb-ifb-desc\"><strong>Somos una promotor\u00eda fundada en enero de 2022 especialistas en el \u00e1rea de salud bajo el liderazgo de nuestro Director Lic. Misael Amaro Mart\u00ednez quien cuenta con m\u00e1s de 20 a\u00f1os de experiencia en el ramo asegurador.<br><br>Nuestra misi\u00f3n es proteger el mayor n\u00famero de familias contra riesgos financieros eventuales, ofreciendo un servicio de calidad.<br><br>Nuestra visi\u00f3n es consolidarnos como el despacho de seguros m\u00e1s fuerte de la zona norte. <\/strong><\/p><\/div><\/div>\n<\/div>\n<\/div><\/div>\n\n\n\n<div class=\"wp-block-uagb-container uagb-block-347ef204 alignfull uagb-is-root-container\"><div class=\"uagb-container-inner-blocks-wrap\">\n<div class=\"wp-block-uagb-call-to-action uagb-block-6d4c987b wp-block-button\"><div class=\"uagb-cta__wrap\"><h2 class=\"uagb-cta__title\">Ponte en contacto con nosotros<\/h2><p class=\"uagb-cta__desc\">Si quieres ser agente o ya eres agente y \u00bfte gustar\u00eda asociarte con nosotros?<\/p><\/div><div class=\"uagb-cta__buttons\"><a href=\"https:\/\/409asesores.com\/index.php\/contact\/\" class=\"uagb-cta__button-link-wrapper wp-block-button__link\" target=\"_self\" rel=\"noopener noreferrer\">CONTACTANOS<\/a><\/div><\/div>\n<\/div><\/div>\n","protected":false},"excerpt":{"rendered":"<p>Nosotros \u00bfQuieres ser agente ? o ya eres agente pero \u00bfquieres asociarte con nosotros?<\/p>\n","protected":false},"author":1,"featured_media":0,"parent":0,"menu_order":0,"comment_status":"closed","ping_status":"closed","template":"","meta":{"_uag_custom_page_level_css":"","site-sidebar-layout":"default","site-content-layout":"","ast-site-content-layout":"default","site-content-style":"default","site-sidebar-style":"default","ast-global-header-display":"","ast-banner-title-visibility":"","ast-main-header-display":"","ast-hfb-above-header-display":"","ast-hfb-below-header-display":"","ast-hfb-mobile-header-display":"","site-post-title":"disabled","ast-breadcrumbs-content":"","ast-featured-img":"","footer-sml-layout":"","theme-transparent-header-meta":"disabled","adv-header-id-meta":"","stick-header-meta":"","header-above-stick-meta":"","header-main-stick-meta":"","header-below-stick-meta":"","astra-migrate-meta-layouts":"set","footnotes":""},"uagb_featured_image_src":{"full":false,"thumbnail":false,"medium":false,"medium_large":false,"large":false,"1536x1536":false,"2048x2048":false},"uagb_author_info":{"display_name":"mmartinez.seguross","author_link":"https:\/\/409asesores.com\/index.php\/author\/mmartinez-seguross\/"},"uagb_comment_info":0,"uagb_excerpt":"Nosotros \u00bfQuieres ser agente ? o ya eres agente pero \u00bfquieres asociarte con nosotros?","_links":{"self":[{"href":"https:\/\/409asesores.com\/index.php\/wp-json\/wp\/v2\/pages\/1031"}],"collection":[{"href":"https:\/\/409asesores.com\/index.php\/wp-json\/wp\/v2\/pages"}],"about":[{"href":"https:\/\/409asesores.com\/index.php\/wp-json\/wp\/v2\/types\/page"}],"author":[{"embeddable":true,"href":"https:\/\/409asesores.com\/index.php\/wp-json\/wp\/v2\/users\/1"}],"replies":[{"embeddable":true,"href":"https:\/\/409asesores.com\/index.php\/wp-json\/wp\/v2\/comments?post=1031"}],"version-history":[{"count":13,"href":"https:\/\/409asesores.com\/index.php\/wp-json\/wp\/v2\/pages\/1031\/revisions"}],"predecessor-version":[{"id":1089,"href":"https:\/\/409asesores.com\/index.php\/wp-json\/wp\/v2\/pages\/1031\/revisions\/1089"}],"wp:attachment":[{"href":"https:\/\/409asesores.com\/index.php\/wp-json\/wp\/v2\/media?parent=1031"}],"curies":[{"name":"wp","href":"https:\/\/api.w.org\/{rel}","templated":true}]}}